{"id":10665,"date":"2024-07-22T21:16:29","date_gmt":"2024-07-23T02:16:29","guid":{"rendered":"https:\/\/lineasygrafos.com\/inicio\/?page_id=10665"},"modified":"2024-07-23T21:18:35","modified_gmt":"2024-07-24T02:18:35","slug":"stand-publicitario","status":"publish","type":"page","link":"https:\/\/lineasygrafos.com\/inicio\/stand-publicitario\/","title":{"rendered":"Stand Publicitario"},"content":{"rendered":"\t\t<div data-elementor-type=\"wp-page\" data-elementor-id=\"10665\" class=\"elementor elementor-10665\">\n\t\t\t\t\t\t<section class=\"elementor-section elementor-top-section elementor-element elementor-element-d7a442a elementor-hidden-mobile elementor-section-boxed elementor-section-height-default elementor-section-height-default\" data-id=\"d7a442a\" data-element_type=\"section\" data-settings=\"{&quot;background_background&quot;:&quot;classic&quot;,&quot;sticky&quot;:&quot;top&quot;,&quot;sticky_on&quot;:[],&quot;sticky_offset&quot;:0,&quot;sticky_effects_offset&quot;:0}\">\n\t\t\t\t\t\t\t<div class=\"elementor-background-overlay\"><\/div>\n\t\t\t\t\t\t\t<div class=\"elementor-container elementor-column-gap-default\">\n\t\t\t\t\t<div class=\"elementor-column elementor-col-100 elementor-top-column elementor-element elementor-element-4822bbf elementor-hidden-mobile\" data-id=\"4822bbf\" data-element_type=\"column\">\n\t\t\t<div class=\"elementor-widget-wrap elementor-element-populated\">\n\t\t\t\t\t\t<div class=\"elementor-element elementor-element-473ad7b elementor-widget-divider--view-line elementor-widget elementor-widget-divider\" data-id=\"473ad7b\" data-element_type=\"widget\" data-widget_type=\"divider.default\">\n\t\t\t\t<div class=\"elementor-widget-container\">\n\t\t\t<style>\/*! elementor - v3.23.0 - 23-07-2024 *\/\n.elementor-widget-divider{--divider-border-style:none;--divider-border-width:1px;--divider-color:#0c0d0e;--divider-icon-size:20px;--divider-element-spacing:10px;--divider-pattern-height:24px;--divider-pattern-size:20px;--divider-pattern-url:none;--divider-pattern-repeat:repeat-x}.elementor-widget-divider .elementor-divider{display:flex}.elementor-widget-divider .elementor-divider__text{font-size:15px;line-height:1;max-width:95%}.elementor-widget-divider .elementor-divider__element{margin:0 var(--divider-element-spacing);flex-shrink:0}.elementor-widget-divider .elementor-icon{font-size:var(--divider-icon-size)}.elementor-widget-divider .elementor-divider-separator{display:flex;margin:0;direction:ltr}.elementor-widget-divider--view-line_icon .elementor-divider-separator,.elementor-widget-divider--view-line_text .elementor-divider-separator{align-items:center}.elementor-widget-divider--view-line_icon .elementor-divider-separator:after,.elementor-widget-divider--view-line_icon .elementor-divider-separator:before,.elementor-widget-divider--view-line_text .elementor-divider-separator:after,.elementor-widget-divider--view-line_text .elementor-divider-separator:before{display:block;content:\"\";border-block-end:0;flex-grow:1;border-block-start:var(--divider-border-width) var(--divider-border-style) var(--divider-color)}.elementor-widget-divider--element-align-left .elementor-divider .elementor-divider-separator>.elementor-divider__svg:first-of-type{flex-grow:0;flex-shrink:100}.elementor-widget-divider--element-align-left .elementor-divider-separator:before{content:none}.elementor-widget-divider--element-align-left .elementor-divider__element{margin-left:0}.elementor-widget-divider--element-align-right .elementor-divider .elementor-divider-separator>.elementor-divider__svg:last-of-type{flex-grow:0;flex-shrink:100}.elementor-widget-divider--element-align-right .elementor-divider-separator:after{content:none}.elementor-widget-divider--element-align-right .elementor-divider__element{margin-right:0}.elementor-widget-divider--element-align-start .elementor-divider .elementor-divider-separator>.elementor-divider__svg:first-of-type{flex-grow:0;flex-shrink:100}.elementor-widget-divider--element-align-start .elementor-divider-separator:before{content:none}.elementor-widget-divider--element-align-start .elementor-divider__element{margin-inline-start:0}.elementor-widget-divider--element-align-end .elementor-divider .elementor-divider-separator>.elementor-divider__svg:last-of-type{flex-grow:0;flex-shrink:100}.elementor-widget-divider--element-align-end .elementor-divider-separator:after{content:none}.elementor-widget-divider--element-align-end .elementor-divider__element{margin-inline-end:0}.elementor-widget-divider:not(.elementor-widget-divider--view-line_text):not(.elementor-widget-divider--view-line_icon) .elementor-divider-separator{border-block-start:var(--divider-border-width) var(--divider-border-style) var(--divider-color)}.elementor-widget-divider--separator-type-pattern{--divider-border-style:none}.elementor-widget-divider--separator-type-pattern.elementor-widget-divider--view-line .elementor-divider-separator,.elementor-widget-divider--separator-type-pattern:not(.elementor-widget-divider--view-line) .elementor-divider-separator:after,.elementor-widget-divider--separator-type-pattern:not(.elementor-widget-divider--view-line) .elementor-divider-separator:before,.elementor-widget-divider--separator-type-pattern:not([class*=elementor-widget-divider--view]) .elementor-divider-separator{width:100%;min-height:var(--divider-pattern-height);-webkit-mask-size:var(--divider-pattern-size) 100%;mask-size:var(--divider-pattern-size) 100%;-webkit-mask-repeat:var(--divider-pattern-repeat);mask-repeat:var(--divider-pattern-repeat);background-color:var(--divider-color);-webkit-mask-image:var(--divider-pattern-url);mask-image:var(--divider-pattern-url)}.elementor-widget-divider--no-spacing{--divider-pattern-size:auto}.elementor-widget-divider--bg-round{--divider-pattern-repeat:round}.rtl .elementor-widget-divider .elementor-divider__text{direction:rtl}.e-con-inner>.elementor-widget-divider,.e-con>.elementor-widget-divider{width:var(--container-widget-width,100%);--flex-grow:var(--container-widget-flex-grow)}<\/style>\t\t<div class=\"elementor-divider\">\n\t\t\t<span class=\"elementor-divider-separator\">\n\t\t\t\t\t\t<\/span>\n\t\t<\/div>\n\t\t\t\t<\/div>\n\t\t\t\t<\/div>\n\t\t\t\t<div class=\"elementor-element elementor-element-107d7c3 elementor-nav-menu__align-center elementor-hidden-mobile elementor-nav-menu--dropdown-tablet elementor-nav-menu__text-align-aside elementor-nav-menu--toggle elementor-nav-menu--burger elementor-widget elementor-widget-nav-menu\" data-id=\"107d7c3\" data-element_type=\"widget\" data-settings=\"{&quot;layout&quot;:&quot;horizontal&quot;,&quot;submenu_icon&quot;:{&quot;value&quot;:&quot;&lt;svg class=\\&quot;e-font-icon-svg e-fas-caret-down\\&quot; viewBox=\\&quot;0 0 320 512\\&quot; xmlns=\\&quot;http:\\\/\\\/www.w3.org\\\/2000\\\/svg\\&quot;&gt;&lt;path d=\\&quot;M31.3 192h257.3c17.8 0 26.7 21.5 14.1 34.1L174.1 354.8c-7.8 7.8-20.5 7.8-28.3 0L17.2 226.1C4.6 213.5 13.5 192 31.3 192z\\&quot;&gt;&lt;\\\/path&gt;&lt;\\\/svg&gt;&quot;,&quot;library&quot;:&quot;fa-solid&quot;},&quot;toggle&quot;:&quot;burger&quot;}\" data-widget_type=\"nav-menu.default\">\n\t\t\t\t<div class=\"elementor-widget-container\">\n\t\t\t<link rel=\"stylesheet\" href=\"https:\/\/lineasygrafos.com\/wp-content\/plugins\/elementor-pro\/assets\/css\/widget-nav-menu.min.css\">\t\t\t<nav class=\"elementor-nav-menu--main elementor-nav-menu__container elementor-nav-menu--layout-horizontal e--pointer-underline e--animation-fade\">\n\t\t\t\t<ul id=\"menu-1-107d7c3\" class=\"elementor-nav-menu\"><li class=\"menu-item menu-item-type-custom menu-item-object-custom menu-item-8063\"><a href=\"https:\/\/lineasygrafos.com\/inicio\/branding\" class=\"elementor-item\">Branding<\/a><\/li>\n<li class=\"menu-item menu-item-type-custom menu-item-object-custom menu-item-9813\"><a href=\"https:\/\/lineasygrafos.com\/inicio\/vinilos\/\" class=\"elementor-item\">Vinilos<\/a><\/li>\n<li class=\"menu-item menu-item-type-custom menu-item-object-custom menu-item-8062\"><a href=\"https:\/\/lineasygrafos.com\/inicio\/banner\/\" class=\"elementor-item\">Banner<\/a><\/li>\n<li class=\"menu-item menu-item-type-custom menu-item-object-custom menu-item-9812\"><a href=\"https:\/\/lineasygrafos.com\/inicio\/stand-publicitario\/\" class=\"elementor-item\">Stands Publicitarios<\/a><\/li>\n<li class=\"menu-item menu-item-type-custom menu-item-object-custom menu-item-8048\"><a href=\"https:\/\/lineasygrafos.com\/inicio\/instalaciones-de-altura\/\" class=\"elementor-item\">Instalaciones en Altura<\/a><\/li>\n<li class=\"menu-item menu-item-type-custom menu-item-object-custom menu-item-8049\"><a href=\"https:\/\/lineasygrafos.com\/inicio\/empaques\/\" class=\"elementor-item\">Empaques<\/a><\/li>\n<li class=\"menu-item menu-item-type-custom menu-item-object-custom menu-item-9818\"><a href=\"https:\/\/lineasygrafos.com\/inicio\/calendarios-2\/\" class=\"elementor-item\">Calendarios<\/a><\/li>\n<li class=\"menu-item menu-item-type-custom menu-item-object-custom menu-item-9819\"><a href=\"https:\/\/lineasygrafos.com\/inicio\/editorial\/\" class=\"elementor-item\">Editorial<\/a><\/li>\n<\/ul>\t\t\t<\/nav>\n\t\t\t\t\t<div class=\"elementor-menu-toggle\" role=\"button\" tabindex=\"0\" aria-label=\"Alternar men\u00fa\" aria-expanded=\"false\">\n\t\t\t<svg aria-hidden=\"true\" role=\"presentation\" class=\"elementor-menu-toggle__icon--open e-font-icon-svg e-eicon-menu-bar\" viewBox=\"0 0 1000 1000\" xmlns=\"http:\/\/www.w3.org\/2000\/svg\"><path d=\"M104 333H896C929 333 958 304 958 271S929 208 896 208H104C71 208 42 237 42 271S71 333 104 333ZM104 583H896C929 583 958 554 958 521S929 458 896 458H104C71 458 42 487 42 521S71 583 104 583ZM104 833H896C929 833 958 804 958 771S929 708 896 708H104C71 708 42 737 42 771S71 833 104 833Z\"><\/path><\/svg><svg aria-hidden=\"true\" role=\"presentation\" class=\"elementor-menu-toggle__icon--close e-font-icon-svg e-eicon-close\" viewBox=\"0 0 1000 1000\" xmlns=\"http:\/\/www.w3.org\/2000\/svg\"><path d=\"M742 167L500 408 258 167C246 154 233 150 217 150 196 150 179 158 167 167 154 179 150 196 150 212 150 229 154 242 171 254L408 500 167 742C138 771 138 800 167 829 196 858 225 858 254 829L496 587 738 829C750 842 767 846 783 846 800 846 817 842 829 829 842 817 846 804 846 783 846 767 842 750 829 737L588 500 833 258C863 229 863 200 833 171 804 137 775 137 742 167Z\"><\/path><\/svg>\t\t\t<span class=\"elementor-screen-only\">Men\u00fa<\/span>\n\t\t<\/div>\n\t\t\t\t\t<nav class=\"elementor-nav-menu--dropdown elementor-nav-menu__container\" aria-hidden=\"true\">\n\t\t\t\t<ul id=\"menu-2-107d7c3\" class=\"elementor-nav-menu\"><li class=\"menu-item menu-item-type-custom menu-item-object-custom menu-item-8063\"><a href=\"https:\/\/lineasygrafos.com\/inicio\/branding\" class=\"elementor-item\" tabindex=\"-1\">Branding<\/a><\/li>\n<li class=\"menu-item menu-item-type-custom menu-item-object-custom menu-item-9813\"><a href=\"https:\/\/lineasygrafos.com\/inicio\/vinilos\/\" class=\"elementor-item\" tabindex=\"-1\">Vinilos<\/a><\/li>\n<li class=\"menu-item menu-item-type-custom menu-item-object-custom menu-item-8062\"><a href=\"https:\/\/lineasygrafos.com\/inicio\/banner\/\" class=\"elementor-item\" tabindex=\"-1\">Banner<\/a><\/li>\n<li class=\"menu-item menu-item-type-custom menu-item-object-custom menu-item-9812\"><a href=\"https:\/\/lineasygrafos.com\/inicio\/stand-publicitario\/\" class=\"elementor-item\" tabindex=\"-1\">Stands Publicitarios<\/a><\/li>\n<li class=\"menu-item menu-item-type-custom menu-item-object-custom menu-item-8048\"><a href=\"https:\/\/lineasygrafos.com\/inicio\/instalaciones-de-altura\/\" class=\"elementor-item\" tabindex=\"-1\">Instalaciones en Altura<\/a><\/li>\n<li class=\"menu-item menu-item-type-custom menu-item-object-custom menu-item-8049\"><a href=\"https:\/\/lineasygrafos.com\/inicio\/empaques\/\" class=\"elementor-item\" tabindex=\"-1\">Empaques<\/a><\/li>\n<li class=\"menu-item menu-item-type-custom menu-item-object-custom menu-item-9818\"><a href=\"https:\/\/lineasygrafos.com\/inicio\/calendarios-2\/\" class=\"elementor-item\" tabindex=\"-1\">Calendarios<\/a><\/li>\n<li class=\"menu-item menu-item-type-custom menu-item-object-custom menu-item-9819\"><a href=\"https:\/\/lineasygrafos.com\/inicio\/editorial\/\" class=\"elementor-item\" tabindex=\"-1\">Editorial<\/a><\/li>\n<\/ul>\t\t\t<\/nav>\n\t\t\t\t<\/div>\n\t\t\t\t<\/div>\n\t\t\t\t\t<\/div>\n\t\t<\/div>\n\t\t\t\t\t<\/div>\n\t\t<\/section>\n\t\t\t\t<section class=\"elementor-section elementor-top-section elementor-element elementor-element-3192e3f3 elementor-section-height-min-height elementor-section-items-stretch elementor-section-content-middle elementor-section-boxed elementor-section-height-default\" data-id=\"3192e3f3\" data-element_type=\"section\" data-settings=\"{&quot;background_background&quot;:&quot;classic&quot;}\">\n\t\t\t\t\t\t\t<div class=\"elementor-background-overlay\"><\/div>\n\t\t\t\t\t\t\t<div class=\"elementor-container elementor-column-gap-default\">\n\t\t\t\t\t<div class=\"elementor-column elementor-col-100 elementor-top-column elementor-element elementor-element-4a5d35c1\" data-id=\"4a5d35c1\" data-element_type=\"column\">\n\t\t\t<div class=\"elementor-widget-wrap elementor-element-populated\">\n\t\t\t\t\t\t<div class=\"elementor-element elementor-element-a505498 elementor-invisible elementor-widget elementor-widget-heading\" data-id=\"a505498\" data-element_type=\"widget\" data-settings=\"{&quot;_animation&quot;:&quot;fadeIn&quot;}\" data-widget_type=\"heading.default\">\n\t\t\t\t<div class=\"elementor-widget-container\">\n\t\t\t<style>\/*! elementor - v3.23.0 - 23-07-2024 *\/\n.elementor-heading-title{padding:0;margin:0;line-height:1}.elementor-widget-heading .elementor-heading-title[class*=elementor-size-]>a{color:inherit;font-size:inherit;line-height:inherit}.elementor-widget-heading .elementor-heading-title.elementor-size-small{font-size:15px}.elementor-widget-heading .elementor-heading-title.elementor-size-medium{font-size:19px}.elementor-widget-heading .elementor-heading-title.elementor-size-large{font-size:29px}.elementor-widget-heading .elementor-heading-title.elementor-size-xl{font-size:39px}.elementor-widget-heading .elementor-heading-title.elementor-size-xxl{font-size:59px}<\/style><h2 class=\"elementor-heading-title elementor-size-default\">STANDS PUBLICITARIOS<\/h2>\t\t<\/div>\n\t\t\t\t<\/div>\n\t\t\t\t\t<\/div>\n\t\t<\/div>\n\t\t\t\t\t<\/div>\n\t\t<\/section>\n\t\t\t\t<section class=\"elementor-section elementor-top-section elementor-element elementor-element-1d04a4cf elementor-section-boxed elementor-section-height-default elementor-section-height-default\" data-id=\"1d04a4cf\" data-element_type=\"section\">\n\t\t\t\t\t\t<div class=\"elementor-container elementor-column-gap-default\">\n\t\t\t\t\t<div class=\"elementor-column elementor-col-100 elementor-top-column elementor-element elementor-element-c4e195d elementor-invisible\" data-id=\"c4e195d\" data-element_type=\"column\" data-settings=\"{&quot;animation&quot;:&quot;bounceIn&quot;}\">\n\t\t\t<div class=\"elementor-widget-wrap elementor-element-populated\">\n\t\t\t\t\t\t<div class=\"elementor-element elementor-element-7b7103a elementor-widget elementor-widget-heading\" data-id=\"7b7103a\" data-element_type=\"widget\" data-widget_type=\"heading.default\">\n\t\t\t\t<div class=\"elementor-widget-container\">\n\t\t\t<h2 class=\"elementor-heading-title elementor-size-default\">Destaca en Cualquier Evento con Nuestros Stands Publicitarios<\/h2>\t\t<\/div>\n\t\t\t\t<\/div>\n\t\t\t\t\t<\/div>\n\t\t<\/div>\n\t\t\t\t\t<\/div>\n\t\t<\/section>\n\t\t<div class=\"elementor-element elementor-element-f953a96 e-flex e-con-boxed elementor-invisible e-con e-parent\" data-id=\"f953a96\" data-element_type=\"container\" data-settings=\"{&quot;animation&quot;:&quot;slideInUp&quot;}\">\n\t\t\t\t\t<div class=\"e-con-inner\">\n\t\t<div class=\"elementor-element elementor-element-7e6b508 e-con-full e-flex e-con e-child\" data-id=\"7e6b508\" data-element_type=\"container\">\n\t\t\t\t<div class=\"elementor-element elementor-element-9bbd6de elementor-widget elementor-widget-image\" data-id=\"9bbd6de\" data-element_type=\"widget\" data-widget_type=\"image.default\">\n\t\t\t\t<div class=\"elementor-widget-container\">\n\t\t\t<style>\/*! elementor - v3.23.0 - 23-07-2024 *\/\n.elementor-widget-image{text-align:center}.elementor-widget-image a{display:inline-block}.elementor-widget-image a img[src$=\".svg\"]{width:48px}.elementor-widget-image img{vertical-align:middle;display:inline-block}<\/style>\t\t\t\t\t\t\t\t\t\t<img fetchpriority=\"high\" decoding=\"async\" width=\"768\" height=\"1024\" src=\"https:\/\/lineasygrafos.com\/wp-content\/uploads\/2024\/07\/thumbnail_WhatsApp-Image-2024-07-04-at-1.48.21-PM-1-768x1024.jpg\" class=\"attachment-large size-large wp-image-10674\" alt=\"\" srcset=\"https:\/\/lineasygrafos.com\/wp-content\/uploads\/2024\/07\/thumbnail_WhatsApp-Image-2024-07-04-at-1.48.21-PM-1-768x1024.jpg 768w, https:\/\/lineasygrafos.com\/wp-content\/uploads\/2024\/07\/thumbnail_WhatsApp-Image-2024-07-04-at-1.48.21-PM-1-1152x1536.jpg 1152w, https:\/\/lineasygrafos.com\/wp-content\/uploads\/2024\/07\/thumbnail_WhatsApp-Image-2024-07-04-at-1.48.21-PM-1.jpg 1200w\" sizes=\"(max-width: 768px) 100vw, 768px\" \/>\t\t\t\t\t\t\t\t\t\t\t\t\t<\/div>\n\t\t\t\t<\/div>\n\t\t\t\t<\/div>\n\t\t<div class=\"elementor-element elementor-element-b2df1a6 e-con-full e-flex e-con e-child\" data-id=\"b2df1a6\" data-element_type=\"container\">\n\t\t\t\t<div class=\"elementor-element elementor-element-1d46552 elementor-widget elementor-widget-text-editor\" data-id=\"1d46552\" data-element_type=\"widget\" data-widget_type=\"text-editor.default\">\n\t\t\t\t<div class=\"elementor-widget-container\">\n\t\t\t<style>\/*! elementor - v3.23.0 - 23-07-2024 *\/\n.elementor-widget-text-editor.elementor-drop-cap-view-stacked .elementor-drop-cap{background-color:#69727d;color:#fff}.elementor-widget-text-editor.elementor-drop-cap-view-framed .elementor-drop-cap{color:#69727d;border:3px solid;background-color:transparent}.elementor-widget-text-editor:not(.elementor-drop-cap-view-default) .elementor-drop-cap{margin-top:8px}.elementor-widget-text-editor:not(.elementor-drop-cap-view-default) .elementor-drop-cap-letter{width:1em;height:1em}.elementor-widget-text-editor .elementor-drop-cap{float:left;text-align:center;line-height:1;font-size:50px}.elementor-widget-text-editor .elementor-drop-cap-letter{display:inline-block}<\/style>\t\t\t\t<p>En <strong>L\u00edneas y Grafos<\/strong>, entendemos que la presencia en eventos y ferias es crucial para tu negocio. Por eso, ofrecemos servicios de impresi\u00f3n para stands publicitarios que garantizan una presentaci\u00f3n impactante y profesional. Dise\u00f1ados para captar la atenci\u00f3n y comunicar tu mensaje de manera efectiva, nuestros stands son la herramienta perfecta para destacar en cualquier entorno competitivo.<\/p><h3>Nuestros Servicios de Stands Publicitarios<\/h3><p>\u00a0<\/p><h4>1. <strong>Dise\u00f1o Personalizado de Stands<\/strong><\/h4><p>Ofrecemos dise\u00f1os personalizados que reflejan la identidad de tu marca. Nuestro equipo de dise\u00f1adores trabaja contigo para crear un stand \u00fanico y atractivo que destaque en cualquier evento o feria.<\/p><h4>2. <strong>Impresi\u00f3n de Alta Calidad<\/strong><\/h4><p>Utilizamos las t\u00e9cnicas de impresi\u00f3n m\u00e1s avanzadas y materiales de alta calidad para garantizar que tu stand tenga un acabado impecable. Los colores vibrantes y los detalles n\u00edtidos aseguran que tu mensaje sea claro y llamativo.<\/p><h4>3. <strong>Montaje y Desmontaje<\/strong><\/h4><p>Nos encargamos del montaje y desmontaje de tu stand, asegurando una instalaci\u00f3n r\u00e1pida y sin complicaciones. Nuestro equipo de expertos se asegura de que todo est\u00e9 en su lugar, listo para impresionar a tu audiencia.<\/p>\t\t\t\t\t\t<\/div>\n\t\t\t\t<\/div>\n\t\t\t\t<\/div>\n\t\t\t\t\t<\/div>\n\t\t\t\t<\/div>\n\t\t\t\t<\/div>\n\t\t","protected":false},"excerpt":{"rendered":"<p>STANDS PUBLICITARIOS Destaca en Cualquier Evento con Nuestros Stands Publicitarios En L\u00edneas y Grafos, entendemos que la presencia en eventos y ferias es crucial para tu negocio. Por eso, ofrecemos servicios de impresi\u00f3n para stands publicitarios que garantizan una presentaci\u00f3n impactante y profesional. Dise\u00f1ados para captar la atenci\u00f3n y comunicar tu mensaje de manera efectiva, [&hellip;]<\/p>\n","protected":false},"author":1,"featured_media":0,"parent":0,"menu_order":0,"comment_status":"closed","ping_status":"closed","template":"","meta":[],"_links":{"self":[{"href":"https:\/\/lineasygrafos.com\/inicio\/wp-json\/wp\/v2\/pages\/10665"}],"collection":[{"href":"https:\/\/lineasygrafos.com\/inicio\/wp-json\/wp\/v2\/pages"}],"about":[{"href":"https:\/\/lineasygrafos.com\/inicio\/wp-json\/wp\/v2\/types\/page"}],"author":[{"embeddable":true,"href":"https:\/\/lineasygrafos.com\/inicio\/wp-json\/wp\/v2\/users\/1"}],"replies":[{"embeddable":true,"href":"https:\/\/lineasygrafos.com\/inicio\/wp-json\/wp\/v2\/comments?post=10665"}],"version-history":[{"count":22,"href":"https:\/\/lineasygrafos.com\/inicio\/wp-json\/wp\/v2\/pages\/10665\/revisions"}],"predecessor-version":[{"id":10812,"href":"https:\/\/lineasygrafos.com\/inicio\/wp-json\/wp\/v2\/pages\/10665\/revisions\/10812"}],"wp:attachment":[{"href":"https:\/\/lineasygrafos.com\/inicio\/wp-json\/wp\/v2\/media?parent=10665"}],"curies":[{"name":"wp","href":"https:\/\/api.w.org\/{rel}","templated":true}]}}